{"id":23,"date":"2020-06-03T13:20:43","date_gmt":"2020-06-03T10:20:43","guid":{"rendered":"http:\/\/demo.safirtema.com\/rota\/?page_id=23"},"modified":"2024-05-31T21:01:18","modified_gmt":"2024-05-31T18:01:18","slug":"cozum-ortaklari","status":"publish","type":"page","link":"https:\/\/kalecrane.com\/?page_id=23","title":{"rendered":"\u00c7\u00f6z\u00fcm Ortaklar\u0131"},"content":{"rendered":"\n<figure class=\"wp-block-gallery has-nested-images columns-default is-cropped wp-block-gallery-1 is-layout-flex wp-block-gallery-is-layout-flex\">\n<figure class=\"wp-block-image size-large\"><img loading=\"lazy\" decoding=\"async\" width=\"1024\" height=\"984\" data-id=\"332\" src=\"https:\/\/kalecrane.com\/wp-content\/uploads\/2024\/05\/1-1024x984.webp\" alt=\"\" class=\"wp-image-332\" srcset=\"https:\/\/kalecrane.com\/wp-content\/uploads\/2024\/05\/1-1024x984.webp 1024w, https:\/\/kalecrane.com\/wp-content\/uploads\/2024\/05\/1-300x288.webp 300w, https:\/\/kalecrane.com\/wp-content\/uploads\/2024\/05\/1-768x738.webp 768w, https:\/\/kalecrane.com\/wp-content\/uploads\/2024\/05\/1-1536x1476.webp 1536w, https:\/\/kalecrane.com\/wp-content\/uploads\/2024\/05\/1.webp 1586w\" sizes=\"(max-width: 1024px) 100vw, 1024px\" \/><\/figure>\n\n\n\n<figure class=\"wp-block-image size-large\"><img loading=\"lazy\" decoding=\"async\" width=\"1024\" height=\"569\" data-id=\"333\" src=\"https:\/\/kalecrane.com\/wp-content\/uploads\/2024\/05\/2-1024x569.jpeg\" alt=\"\" class=\"wp-image-333\" srcset=\"https:\/\/kalecrane.com\/wp-content\/uploads\/2024\/05\/2-1024x569.jpeg 1024w, https:\/\/kalecrane.com\/wp-content\/uploads\/2024\/05\/2-300x167.jpeg 300w, https:\/\/kalecrane.com\/wp-content\/uploads\/2024\/05\/2-768x427.jpeg 768w, https:\/\/kalecrane.com\/wp-content\/uploads\/2024\/05\/2.jpeg 1382w\" sizes=\"(max-width: 1024px) 100vw, 1024px\" \/><\/figure>\n\n\n\n<figure class=\"wp-block-image size-full\"><img loading=\"lazy\" decoding=\"async\" width=\"600\" height=\"310\" data-id=\"334\" src=\"https:\/\/kalecrane.com\/wp-content\/uploads\/2024\/05\/3.webp\" alt=\"\" class=\"wp-image-334\" srcset=\"https:\/\/kalecrane.com\/wp-content\/uploads\/2024\/05\/3.webp 600w, https:\/\/kalecrane.com\/wp-content\/uploads\/2024\/05\/3-300x155.webp 300w\" sizes=\"(max-width: 600px) 100vw, 600px\" \/><\/figure>\n\n\n\n<figure class=\"wp-block-image size-full\"><img loading=\"lazy\" decoding=\"async\" width=\"610\" height=\"372\" data-id=\"335\" src=\"https:\/\/kalecrane.com\/wp-content\/uploads\/2024\/05\/4.png\" alt=\"\" class=\"wp-image-335\" srcset=\"https:\/\/kalecrane.com\/wp-content\/uploads\/2024\/05\/4.png 610w, https:\/\/kalecrane.com\/wp-content\/uploads\/2024\/05\/4-300x183.png 300w\" sizes=\"(max-width: 610px) 100vw, 610px\" \/><\/figure>\n\n\n\n<figure class=\"wp-block-image size-full\"><img loading=\"lazy\" decoding=\"async\" width=\"600\" height=\"452\" data-id=\"336\" src=\"https:\/\/kalecrane.com\/wp-content\/uploads\/2024\/05\/5.png\" alt=\"\" class=\"wp-image-336\" srcset=\"https:\/\/kalecrane.com\/wp-content\/uploads\/2024\/05\/5.png 600w, https:\/\/kalecrane.com\/wp-content\/uploads\/2024\/05\/5-300x226.png 300w\" sizes=\"(max-width: 600px) 100vw, 600px\" \/><\/figure>\n\n\n\n<figure class=\"wp-block-image size-full\"><img loading=\"lazy\" decoding=\"async\" width=\"866\" height=\"650\" data-id=\"337\" src=\"https:\/\/kalecrane.com\/wp-content\/uploads\/2024\/05\/6.webp\" alt=\"\" class=\"wp-image-337\" srcset=\"https:\/\/kalecrane.com\/wp-content\/uploads\/2024\/05\/6.webp 866w, https:\/\/kalecrane.com\/wp-content\/uploads\/2024\/05\/6-300x225.webp 300w, https:\/\/kalecrane.com\/wp-content\/uploads\/2024\/05\/6-768x576.webp 768w\" sizes=\"(max-width: 866px) 100vw, 866px\" \/><\/figure>\n\n\n\n<figure class=\"wp-block-image size-full\"><img loading=\"lazy\" decoding=\"async\" width=\"866\" height=\"650\" data-id=\"338\" src=\"https:\/\/kalecrane.com\/wp-content\/uploads\/2024\/05\/7.jpg\" alt=\"\" class=\"wp-image-338\" srcset=\"https:\/\/kalecrane.com\/wp-content\/uploads\/2024\/05\/7.jpg 866w, https:\/\/kalecrane.com\/wp-content\/uploads\/2024\/05\/7-300x225.jpg 300w, https:\/\/kalecrane.com\/wp-content\/uploads\/2024\/05\/7-768x576.jpg 768w\" sizes=\"(max-width: 866px) 100vw, 866px\" \/><\/figure>\n\n\n\n<figure class=\"wp-block-image size-full\"><img loading=\"lazy\" decoding=\"async\" width=\"275\" height=\"183\" data-id=\"339\" src=\"https:\/\/kalecrane.com\/wp-content\/uploads\/2024\/05\/8.png\" alt=\"\" class=\"wp-image-339\"\/><\/figure>\n\n\n\n<figure class=\"wp-block-image size-full\"><img loading=\"lazy\" decoding=\"async\" width=\"301\" height=\"167\" data-id=\"340\" src=\"https:\/\/kalecrane.com\/wp-content\/uploads\/2024\/05\/9.png\" alt=\"\" class=\"wp-image-340\"\/><\/figure>\n\n\n\n<figure class=\"wp-block-image size-full\"><img loading=\"lazy\" decoding=\"async\" width=\"301\" height=\"167\" data-id=\"342\" src=\"https:\/\/kalecrane.com\/wp-content\/uploads\/2024\/05\/10.png\" alt=\"\" class=\"wp-image-342\"\/><\/figure>\n\n\n\n<figure class=\"wp-block-image size-full\"><img loading=\"lazy\" decoding=\"async\" width=\"500\" height=\"350\" data-id=\"343\" src=\"https:\/\/kalecrane.com\/wp-content\/uploads\/2024\/05\/11.png\" alt=\"\" class=\"wp-image-343\" srcset=\"https:\/\/kalecrane.com\/wp-content\/uploads\/2024\/05\/11.png 500w, https:\/\/kalecrane.com\/wp-content\/uploads\/2024\/05\/11-300x210.png 300w\" sizes=\"(max-width: 500px) 100vw, 500px\" \/><\/figure>\n\n\n\n<figure class=\"wp-block-image size-full\"><img loading=\"lazy\" decoding=\"async\" width=\"580\" height=\"290\" data-id=\"344\" src=\"https:\/\/kalecrane.com\/wp-content\/uploads\/2024\/05\/12.png\" alt=\"\" class=\"wp-image-344\" srcset=\"https:\/\/kalecrane.com\/wp-content\/uploads\/2024\/05\/12.png 580w, https:\/\/kalecrane.com\/wp-content\/uploads\/2024\/05\/12-300x150.png 300w\" sizes=\"(max-width: 580px) 100vw, 580px\" \/><\/figure>\n<\/figure>\n","protected":false},"excerpt":{"rendered":"","protected":false},"author":1,"featured_media":0,"parent":0,"menu_order":0,"comment_status":"closed","ping_status":"closed","template":"pages\/page-references.php","meta":{"footnotes":""},"aioseo_notices":[],"_links":{"self":[{"href":"https:\/\/kalecrane.com\/index.php?rest_route=\/wp\/v2\/pages\/23"}],"collection":[{"href":"https:\/\/kalecrane.com\/index.php?rest_route=\/wp\/v2\/pages"}],"about":[{"href":"https:\/\/kalecrane.com\/index.php?rest_route=\/wp\/v2\/types\/page"}],"author":[{"embeddable":true,"href":"https:\/\/kalecrane.com\/index.php?rest_route=\/wp\/v2\/users\/1"}],"replies":[{"embeddable":true,"href":"https:\/\/kalecrane.com\/index.php?rest_route=%2Fwp%2Fv2%2Fcomments&post=23"}],"version-history":[{"count":6,"href":"https:\/\/kalecrane.com\/index.php?rest_route=\/wp\/v2\/pages\/23\/revisions"}],"predecessor-version":[{"id":347,"href":"https:\/\/kalecrane.com\/index.php?rest_route=\/wp\/v2\/pages\/23\/revisions\/347"}],"wp:attachment":[{"href":"https:\/\/kalecrane.com\/index.php?rest_route=%2Fwp%2Fv2%2Fmedia&parent=23"}],"curies":[{"name":"wp","href":"https:\/\/api.w.org\/{rel}","templated":true}]}}