{"id":68,"date":"2020-06-03T20:11:05","date_gmt":"2020-06-03T17:11:05","guid":{"rendered":"http:\/\/demo.safirtema.com\/rota\/?page_id=68"},"modified":"2024-11-13T20:32:39","modified_gmt":"2024-11-13T17:32:39","slug":"foto-galeri","status":"publish","type":"page","link":"https:\/\/kalecrane.com\/?page_id=68","title":{"rendered":"Foto Galeri"},"content":{"rendered":"\n<p>Her ko\u015fulda ve ortamda g\u00f6rev yapan vin\u00e7lerimizden bir ka\u00e7 g\u00f6r\u00fcnt\u00fc.<\/p>\n\n\n\n<figure class=\"wp-block-gallery has-nested-images columns-default is-cropped wp-block-gallery-1 is-layout-flex wp-block-gallery-is-layout-flex\">\n<figure class=\"wp-block-image size-large\"><a href=\"https:\/\/kalecrane.com\/wp-content\/uploads\/2024\/05\/WhatsApp-Gorsel-2024-05-27-saat-21.30.15_48955ab9.jpg\"><img loading=\"lazy\" decoding=\"async\" width=\"768\" height=\"1024\" data-id=\"303\" src=\"https:\/\/kalecrane.com\/wp-content\/uploads\/2024\/05\/WhatsApp-Gorsel-2024-05-27-saat-21.30.15_48955ab9-768x1024.jpg\" alt=\"\" class=\"wp-image-303\" srcset=\"https:\/\/kalecrane.com\/wp-content\/uploads\/2024\/05\/WhatsApp-Gorsel-2024-05-27-saat-21.30.15_48955ab9-768x1024.jpg 768w, https:\/\/kalecrane.com\/wp-content\/uploads\/2024\/05\/WhatsApp-Gorsel-2024-05-27-saat-21.30.15_48955ab9-225x300.jpg 225w, https:\/\/kalecrane.com\/wp-content\/uploads\/2024\/05\/WhatsApp-Gorsel-2024-05-27-saat-21.30.15_48955ab9-1152x1536.jpg 1152w, https:\/\/kalecrane.com\/wp-content\/uploads\/2024\/05\/WhatsApp-Gorsel-2024-05-27-saat-21.30.15_48955ab9.jpg 1536w\" sizes=\"(max-width: 768px) 100vw, 768px\" \/><\/a><\/figure>\n\n\n\n<figure class=\"wp-block-image size-large\"><a href=\"https:\/\/kalecrane.com\/wp-content\/uploads\/2024\/05\/WhatsApp-Gorsel-2024-05-27-saat-21.30.15_c03dd8c1.jpg\"><img loading=\"lazy\" decoding=\"async\" width=\"768\" height=\"1024\" data-id=\"304\" src=\"https:\/\/kalecrane.com\/wp-content\/uploads\/2024\/05\/WhatsApp-Gorsel-2024-05-27-saat-21.30.15_c03dd8c1-768x1024.jpg\" alt=\"\" class=\"wp-image-304\" srcset=\"https:\/\/kalecrane.com\/wp-content\/uploads\/2024\/05\/WhatsApp-Gorsel-2024-05-27-saat-21.30.15_c03dd8c1-768x1024.jpg 768w, https:\/\/kalecrane.com\/wp-content\/uploads\/2024\/05\/WhatsApp-Gorsel-2024-05-27-saat-21.30.15_c03dd8c1-225x300.jpg 225w, https:\/\/kalecrane.com\/wp-content\/uploads\/2024\/05\/WhatsApp-Gorsel-2024-05-27-saat-21.30.15_c03dd8c1-1152x1536.jpg 1152w, https:\/\/kalecrane.com\/wp-content\/uploads\/2024\/05\/WhatsApp-Gorsel-2024-05-27-saat-21.30.15_c03dd8c1.jpg 1536w\" sizes=\"(max-width: 768px) 100vw, 768px\" \/><\/a><\/figure>\n\n\n\n<figure class=\"wp-block-image size-large\"><a href=\"https:\/\/kalecrane.com\/wp-content\/uploads\/2024\/05\/WhatsApp-Gorsel-2024-05-27-saat-21.30.16_7c2d14a5.jpg\"><img loading=\"lazy\" decoding=\"async\" width=\"768\" height=\"1024\" data-id=\"305\" src=\"https:\/\/kalecrane.com\/wp-content\/uploads\/2024\/05\/WhatsApp-Gorsel-2024-05-27-saat-21.30.16_7c2d14a5-768x1024.jpg\" alt=\"\" class=\"wp-image-305\" srcset=\"https:\/\/kalecrane.com\/wp-content\/uploads\/2024\/05\/WhatsApp-Gorsel-2024-05-27-saat-21.30.16_7c2d14a5-768x1024.jpg 768w, https:\/\/kalecrane.com\/wp-content\/uploads\/2024\/05\/WhatsApp-Gorsel-2024-05-27-saat-21.30.16_7c2d14a5-225x300.jpg 225w, https:\/\/kalecrane.com\/wp-content\/uploads\/2024\/05\/WhatsApp-Gorsel-2024-05-27-saat-21.30.16_7c2d14a5-1152x1536.jpg 1152w, https:\/\/kalecrane.com\/wp-content\/uploads\/2024\/05\/WhatsApp-Gorsel-2024-05-27-saat-21.30.16_7c2d14a5.jpg 1536w\" sizes=\"(max-width: 768px) 100vw, 768px\" \/><\/a><\/figure>\n\n\n\n<figure class=\"wp-block-image size-large\"><a href=\"https:\/\/kalecrane.com\/wp-content\/uploads\/2024\/05\/WhatsApp-Gorsel-2024-05-27-saat-21.30.16_031ea142.jpg\"><img loading=\"lazy\" decoding=\"async\" width=\"768\" height=\"1024\" data-id=\"306\" src=\"https:\/\/kalecrane.com\/wp-content\/uploads\/2024\/05\/WhatsApp-Gorsel-2024-05-27-saat-21.30.16_031ea142-768x1024.jpg\" alt=\"\" class=\"wp-image-306\" srcset=\"https:\/\/kalecrane.com\/wp-content\/uploads\/2024\/05\/WhatsApp-Gorsel-2024-05-27-saat-21.30.16_031ea142-768x1024.jpg 768w, https:\/\/kalecrane.com\/wp-content\/uploads\/2024\/05\/WhatsApp-Gorsel-2024-05-27-saat-21.30.16_031ea142-225x300.jpg 225w, https:\/\/kalecrane.com\/wp-content\/uploads\/2024\/05\/WhatsApp-Gorsel-2024-05-27-saat-21.30.16_031ea142-1152x1536.jpg 1152w, https:\/\/kalecrane.com\/wp-content\/uploads\/2024\/05\/WhatsApp-Gorsel-2024-05-27-saat-21.30.16_031ea142.jpg 1536w\" sizes=\"(max-width: 768px) 100vw, 768px\" \/><\/a><\/figure>\n\n\n\n<figure class=\"wp-block-image size-large\"><a href=\"https:\/\/kalecrane.com\/wp-content\/uploads\/2024\/05\/WhatsApp-Gorsel-2024-05-27-saat-21.30.16_7675e81c.jpg\"><img loading=\"lazy\" decoding=\"async\" width=\"768\" height=\"1024\" data-id=\"307\" src=\"https:\/\/kalecrane.com\/wp-content\/uploads\/2024\/05\/WhatsApp-Gorsel-2024-05-27-saat-21.30.16_7675e81c-768x1024.jpg\" alt=\"\" class=\"wp-image-307\" srcset=\"https:\/\/kalecrane.com\/wp-content\/uploads\/2024\/05\/WhatsApp-Gorsel-2024-05-27-saat-21.30.16_7675e81c-768x1024.jpg 768w, https:\/\/kalecrane.com\/wp-content\/uploads\/2024\/05\/WhatsApp-Gorsel-2024-05-27-saat-21.30.16_7675e81c-225x300.jpg 225w, https:\/\/kalecrane.com\/wp-content\/uploads\/2024\/05\/WhatsApp-Gorsel-2024-05-27-saat-21.30.16_7675e81c-1152x1536.jpg 1152w, https:\/\/kalecrane.com\/wp-content\/uploads\/2024\/05\/WhatsApp-Gorsel-2024-05-27-saat-21.30.16_7675e81c.jpg 1536w\" sizes=\"(max-width: 768px) 100vw, 768px\" \/><\/a><\/figure>\n\n\n\n<figure class=\"wp-block-image size-large\"><a href=\"https:\/\/kalecrane.com\/wp-content\/uploads\/2024\/05\/WhatsApp-Gorsel-2024-05-27-saat-21.30.17_27530387.jpg\"><img loading=\"lazy\" decoding=\"async\" width=\"768\" height=\"1024\" data-id=\"308\" src=\"https:\/\/kalecrane.com\/wp-content\/uploads\/2024\/05\/WhatsApp-Gorsel-2024-05-27-saat-21.30.17_27530387-768x1024.jpg\" alt=\"\" class=\"wp-image-308\" srcset=\"https:\/\/kalecrane.com\/wp-content\/uploads\/2024\/05\/WhatsApp-Gorsel-2024-05-27-saat-21.30.17_27530387-768x1024.jpg 768w, https:\/\/kalecrane.com\/wp-content\/uploads\/2024\/05\/WhatsApp-Gorsel-2024-05-27-saat-21.30.17_27530387-225x300.jpg 225w, https:\/\/kalecrane.com\/wp-content\/uploads\/2024\/05\/WhatsApp-Gorsel-2024-05-27-saat-21.30.17_27530387-1152x1536.jpg 1152w, https:\/\/kalecrane.com\/wp-content\/uploads\/2024\/05\/WhatsApp-Gorsel-2024-05-27-saat-21.30.17_27530387.jpg 1536w\" sizes=\"(max-width: 768px) 100vw, 768px\" \/><\/a><\/figure>\n\n\n\n<figure class=\"wp-block-image size-large\"><a href=\"https:\/\/kalecrane.com\/wp-content\/uploads\/2024\/05\/WhatsApp-Gorsel-2024-05-27-saat-21.30.17_c4b0f4e5.jpg\"><img loading=\"lazy\" decoding=\"async\" width=\"768\" height=\"1024\" data-id=\"309\" src=\"https:\/\/kalecrane.com\/wp-content\/uploads\/2024\/05\/WhatsApp-Gorsel-2024-05-27-saat-21.30.17_c4b0f4e5-768x1024.jpg\" alt=\"\" class=\"wp-image-309\" srcset=\"https:\/\/kalecrane.com\/wp-content\/uploads\/2024\/05\/WhatsApp-Gorsel-2024-05-27-saat-21.30.17_c4b0f4e5-768x1024.jpg 768w, https:\/\/kalecrane.com\/wp-content\/uploads\/2024\/05\/WhatsApp-Gorsel-2024-05-27-saat-21.30.17_c4b0f4e5-225x300.jpg 225w, https:\/\/kalecrane.com\/wp-content\/uploads\/2024\/05\/WhatsApp-Gorsel-2024-05-27-saat-21.30.17_c4b0f4e5-1152x1536.jpg 1152w, https:\/\/kalecrane.com\/wp-content\/uploads\/2024\/05\/WhatsApp-Gorsel-2024-05-27-saat-21.30.17_c4b0f4e5.jpg 1536w\" sizes=\"(max-width: 768px) 100vw, 768px\" \/><\/a><\/figure>\n\n\n\n<figure class=\"wp-block-image size-large\"><a href=\"https:\/\/kalecrane.com\/wp-content\/uploads\/2024\/05\/WhatsApp-Gorsel-2024-05-27-saat-21.30.18_58c045af.jpg\"><img loading=\"lazy\" decoding=\"async\" width=\"473\" height=\"1024\" data-id=\"310\" src=\"https:\/\/kalecrane.com\/wp-content\/uploads\/2024\/05\/WhatsApp-Gorsel-2024-05-27-saat-21.30.18_58c045af-473x1024.jpg\" alt=\"\" class=\"wp-image-310\" srcset=\"https:\/\/kalecrane.com\/wp-content\/uploads\/2024\/05\/WhatsApp-Gorsel-2024-05-27-saat-21.30.18_58c045af-473x1024.jpg 473w, https:\/\/kalecrane.com\/wp-content\/uploads\/2024\/05\/WhatsApp-Gorsel-2024-05-27-saat-21.30.18_58c045af-139x300.jpg 139w, https:\/\/kalecrane.com\/wp-content\/uploads\/2024\/05\/WhatsApp-Gorsel-2024-05-27-saat-21.30.18_58c045af-768x1662.jpg 768w, https:\/\/kalecrane.com\/wp-content\/uploads\/2024\/05\/WhatsApp-Gorsel-2024-05-27-saat-21.30.18_58c045af-710x1536.jpg 710w, https:\/\/kalecrane.com\/wp-content\/uploads\/2024\/05\/WhatsApp-Gorsel-2024-05-27-saat-21.30.18_58c045af.jpg 828w\" sizes=\"(max-width: 473px) 100vw, 473px\" \/><\/a><\/figure>\n\n\n\n<figure class=\"wp-block-image size-large\"><a href=\"https:\/\/kalecrane.com\/wp-content\/uploads\/2024\/05\/WhatsApp-Gorsel-2024-05-27-saat-21.30.18_72d836ea.jpg\"><img loading=\"lazy\" decoding=\"async\" width=\"768\" height=\"1024\" data-id=\"311\" src=\"https:\/\/kalecrane.com\/wp-content\/uploads\/2024\/05\/WhatsApp-Gorsel-2024-05-27-saat-21.30.18_72d836ea-768x1024.jpg\" alt=\"\" class=\"wp-image-311\" srcset=\"https:\/\/kalecrane.com\/wp-content\/uploads\/2024\/05\/WhatsApp-Gorsel-2024-05-27-saat-21.30.18_72d836ea-768x1024.jpg 768w, https:\/\/kalecrane.com\/wp-content\/uploads\/2024\/05\/WhatsApp-Gorsel-2024-05-27-saat-21.30.18_72d836ea-225x300.jpg 225w, https:\/\/kalecrane.com\/wp-content\/uploads\/2024\/05\/WhatsApp-Gorsel-2024-05-27-saat-21.30.18_72d836ea-1152x1536.jpg 1152w, https:\/\/kalecrane.com\/wp-content\/uploads\/2024\/05\/WhatsApp-Gorsel-2024-05-27-saat-21.30.18_72d836ea.jpg 1536w\" sizes=\"(max-width: 768px) 100vw, 768px\" \/><\/a><\/figure>\n\n\n\n<figure class=\"wp-block-image size-large\"><a href=\"https:\/\/kalecrane.com\/wp-content\/uploads\/2024\/05\/WhatsApp-Gorsel-2024-05-27-saat-21.30.15_dd7f4795.jpg\"><img loading=\"lazy\" decoding=\"async\" width=\"1024\" height=\"768\" data-id=\"312\" src=\"https:\/\/kalecrane.com\/wp-content\/uploads\/2024\/05\/WhatsApp-Gorsel-2024-05-27-saat-21.30.15_dd7f4795-1024x768.jpg\" alt=\"\" class=\"wp-image-312\" srcset=\"https:\/\/kalecrane.com\/wp-content\/uploads\/2024\/05\/WhatsApp-Gorsel-2024-05-27-saat-21.30.15_dd7f4795-1024x768.jpg 1024w, https:\/\/kalecrane.com\/wp-content\/uploads\/2024\/05\/WhatsApp-Gorsel-2024-05-27-saat-21.30.15_dd7f4795-300x225.jpg 300w, https:\/\/kalecrane.com\/wp-content\/uploads\/2024\/05\/WhatsApp-Gorsel-2024-05-27-saat-21.30.15_dd7f4795-768x576.jpg 768w, https:\/\/kalecrane.com\/wp-content\/uploads\/2024\/05\/WhatsApp-Gorsel-2024-05-27-saat-21.30.15_dd7f4795-1536x1152.jpg 1536w, https:\/\/kalecrane.com\/wp-content\/uploads\/2024\/05\/WhatsApp-Gorsel-2024-05-27-saat-21.30.15_dd7f4795.jpg 2048w\" sizes=\"(max-width: 1024px) 100vw, 1024px\" \/><\/a><\/figure>\n\n\n\n<figure class=\"wp-block-image size-large\"><a href=\"https:\/\/kalecrane.com\/wp-content\/uploads\/2024\/05\/WhatsApp-Gorsel-2024-05-27-saat-21.30.19_f394d1cc.jpg\"><img loading=\"lazy\" decoding=\"async\" width=\"1024\" height=\"768\" data-id=\"313\" src=\"https:\/\/kalecrane.com\/wp-content\/uploads\/2024\/05\/WhatsApp-Gorsel-2024-05-27-saat-21.30.19_f394d1cc-1024x768.jpg\" alt=\"\" class=\"wp-image-313\" srcset=\"https:\/\/kalecrane.com\/wp-content\/uploads\/2024\/05\/WhatsApp-Gorsel-2024-05-27-saat-21.30.19_f394d1cc-1024x768.jpg 1024w, https:\/\/kalecrane.com\/wp-content\/uploads\/2024\/05\/WhatsApp-Gorsel-2024-05-27-saat-21.30.19_f394d1cc-300x225.jpg 300w, https:\/\/kalecrane.com\/wp-content\/uploads\/2024\/05\/WhatsApp-Gorsel-2024-05-27-saat-21.30.19_f394d1cc-768x576.jpg 768w, https:\/\/kalecrane.com\/wp-content\/uploads\/2024\/05\/WhatsApp-Gorsel-2024-05-27-saat-21.30.19_f394d1cc-1536x1152.jpg 1536w, https:\/\/kalecrane.com\/wp-content\/uploads\/2024\/05\/WhatsApp-Gorsel-2024-05-27-saat-21.30.19_f394d1cc.jpg 2048w\" sizes=\"(max-width: 1024px) 100vw, 1024px\" \/><\/a><\/figure>\n\n\n\n<figure class=\"wp-block-image size-large\"><a href=\"https:\/\/kalecrane.com\/wp-content\/uploads\/2024\/05\/WhatsApp-Gorsel-2024-05-27-saat-21.30.21_5baf7590.jpg\"><img loading=\"lazy\" decoding=\"async\" width=\"1024\" height=\"768\" data-id=\"314\" src=\"https:\/\/kalecrane.com\/wp-content\/uploads\/2024\/05\/WhatsApp-Gorsel-2024-05-27-saat-21.30.21_5baf7590-1024x768.jpg\" alt=\"\" class=\"wp-image-314\" srcset=\"https:\/\/kalecrane.com\/wp-content\/uploads\/2024\/05\/WhatsApp-Gorsel-2024-05-27-saat-21.30.21_5baf7590-1024x768.jpg 1024w, https:\/\/kalecrane.com\/wp-content\/uploads\/2024\/05\/WhatsApp-Gorsel-2024-05-27-saat-21.30.21_5baf7590-300x225.jpg 300w, https:\/\/kalecrane.com\/wp-content\/uploads\/2024\/05\/WhatsApp-Gorsel-2024-05-27-saat-21.30.21_5baf7590-768x576.jpg 768w, https:\/\/kalecrane.com\/wp-content\/uploads\/2024\/05\/WhatsApp-Gorsel-2024-05-27-saat-21.30.21_5baf7590-1536x1152.jpg 1536w, https:\/\/kalecrane.com\/wp-content\/uploads\/2024\/05\/WhatsApp-Gorsel-2024-05-27-saat-21.30.21_5baf7590.jpg 2048w\" sizes=\"(max-width: 1024px) 100vw, 1024px\" \/><\/a><\/figure>\n\n\n\n<figure class=\"wp-block-image size-large\"><a href=\"https:\/\/kalecrane.com\/wp-content\/uploads\/2024\/05\/WhatsApp-Gorsel-2024-05-27-saat-21.30.20_2c592608.jpg\"><img loading=\"lazy\" decoding=\"async\" width=\"768\" height=\"1024\" data-id=\"315\" src=\"https:\/\/kalecrane.com\/wp-content\/uploads\/2024\/05\/WhatsApp-Gorsel-2024-05-27-saat-21.30.20_2c592608-768x1024.jpg\" alt=\"\" class=\"wp-image-315\" srcset=\"https:\/\/kalecrane.com\/wp-content\/uploads\/2024\/05\/WhatsApp-Gorsel-2024-05-27-saat-21.30.20_2c592608-768x1024.jpg 768w, https:\/\/kalecrane.com\/wp-content\/uploads\/2024\/05\/WhatsApp-Gorsel-2024-05-27-saat-21.30.20_2c592608-225x300.jpg 225w, https:\/\/kalecrane.com\/wp-content\/uploads\/2024\/05\/WhatsApp-Gorsel-2024-05-27-saat-21.30.20_2c592608-1152x1536.jpg 1152w, https:\/\/kalecrane.com\/wp-content\/uploads\/2024\/05\/WhatsApp-Gorsel-2024-05-27-saat-21.30.20_2c592608.jpg 1536w\" sizes=\"(max-width: 768px) 100vw, 768px\" \/><\/a><\/figure>\n\n\n\n<figure class=\"wp-block-image size-large\"><a href=\"https:\/\/kalecrane.com\/wp-content\/uploads\/2024\/08\/WhatsApp-Gorsel-2024-08-01-saat-18.47.35_773f0eb3.jpg\"><img loading=\"lazy\" decoding=\"async\" width=\"768\" height=\"1024\" data-id=\"405\" src=\"https:\/\/kalecrane.com\/wp-content\/uploads\/2024\/08\/WhatsApp-Gorsel-2024-08-01-saat-18.47.35_773f0eb3-768x1024.jpg\" alt=\"\" class=\"wp-image-405\" srcset=\"https:\/\/kalecrane.com\/wp-content\/uploads\/2024\/08\/WhatsApp-Gorsel-2024-08-01-saat-18.47.35_773f0eb3-768x1024.jpg 768w, https:\/\/kalecrane.com\/wp-content\/uploads\/2024\/08\/WhatsApp-Gorsel-2024-08-01-saat-18.47.35_773f0eb3-225x300.jpg 225w, https:\/\/kalecrane.com\/wp-content\/uploads\/2024\/08\/WhatsApp-Gorsel-2024-08-01-saat-18.47.35_773f0eb3-1152x1536.jpg 1152w, https:\/\/kalecrane.com\/wp-content\/uploads\/2024\/08\/WhatsApp-Gorsel-2024-08-01-saat-18.47.35_773f0eb3.jpg 1536w\" sizes=\"(max-width: 768px) 100vw, 768px\" \/><\/a><\/figure>\n\n\n\n<figure class=\"wp-block-image size-large\"><a href=\"https:\/\/kalecrane.com\/wp-content\/uploads\/2024\/08\/WhatsApp-Gorsel-2024-08-01-saat-18.47.35_6b21711d.jpg\"><img loading=\"lazy\" decoding=\"async\" width=\"576\" height=\"1024\" data-id=\"406\" src=\"https:\/\/kalecrane.com\/wp-content\/uploads\/2024\/08\/WhatsApp-Gorsel-2024-08-01-saat-18.47.35_6b21711d-576x1024.jpg\" alt=\"\" class=\"wp-image-406\" srcset=\"https:\/\/kalecrane.com\/wp-content\/uploads\/2024\/08\/WhatsApp-Gorsel-2024-08-01-saat-18.47.35_6b21711d-576x1024.jpg 576w, https:\/\/kalecrane.com\/wp-content\/uploads\/2024\/08\/WhatsApp-Gorsel-2024-08-01-saat-18.47.35_6b21711d-169x300.jpg 169w, https:\/\/kalecrane.com\/wp-content\/uploads\/2024\/08\/WhatsApp-Gorsel-2024-08-01-saat-18.47.35_6b21711d-768x1365.jpg 768w, https:\/\/kalecrane.com\/wp-content\/uploads\/2024\/08\/WhatsApp-Gorsel-2024-08-01-saat-18.47.35_6b21711d-864x1536.jpg 864w, https:\/\/kalecrane.com\/wp-content\/uploads\/2024\/08\/WhatsApp-Gorsel-2024-08-01-saat-18.47.35_6b21711d.jpg 1152w\" sizes=\"(max-width: 576px) 100vw, 576px\" \/><\/a><\/figure>\n\n\n\n<figure class=\"wp-block-image size-large\"><a href=\"https:\/\/kalecrane.com\/wp-content\/uploads\/2024\/08\/WhatsApp-Gorsel-2024-08-01-saat-18.47.35_6b21711d.jpg\"><img loading=\"lazy\" decoding=\"async\" width=\"576\" height=\"1024\" data-id=\"406\" src=\"https:\/\/kalecrane.com\/wp-content\/uploads\/2024\/08\/WhatsApp-Gorsel-2024-08-01-saat-18.47.35_6b21711d-576x1024.jpg\" alt=\"\" class=\"wp-image-406\" srcset=\"https:\/\/kalecrane.com\/wp-content\/uploads\/2024\/08\/WhatsApp-Gorsel-2024-08-01-saat-18.47.35_6b21711d-576x1024.jpg 576w, https:\/\/kalecrane.com\/wp-content\/uploads\/2024\/08\/WhatsApp-Gorsel-2024-08-01-saat-18.47.35_6b21711d-169x300.jpg 169w, https:\/\/kalecrane.com\/wp-content\/uploads\/2024\/08\/WhatsApp-Gorsel-2024-08-01-saat-18.47.35_6b21711d-768x1365.jpg 768w, https:\/\/kalecrane.com\/wp-content\/uploads\/2024\/08\/WhatsApp-Gorsel-2024-08-01-saat-18.47.35_6b21711d-864x1536.jpg 864w, https:\/\/kalecrane.com\/wp-content\/uploads\/2024\/08\/WhatsApp-Gorsel-2024-08-01-saat-18.47.35_6b21711d.jpg 1152w\" sizes=\"(max-width: 576px) 100vw, 576px\" \/><\/a><\/figure>\n\n\n\n<figure class=\"wp-block-image size-large\"><a href=\"https:\/\/kalecrane.com\/wp-content\/uploads\/2024\/11\/11.jpg\"><img loading=\"lazy\" decoding=\"async\" width=\"768\" height=\"1024\" data-id=\"411\" src=\"https:\/\/kalecrane.com\/wp-content\/uploads\/2024\/11\/11-768x1024.jpg\" alt=\"\" class=\"wp-image-411\" srcset=\"https:\/\/kalecrane.com\/wp-content\/uploads\/2024\/11\/11-768x1024.jpg 768w, https:\/\/kalecrane.com\/wp-content\/uploads\/2024\/11\/11-225x300.jpg 225w, https:\/\/kalecrane.com\/wp-content\/uploads\/2024\/11\/11-1152x1536.jpg 1152w, https:\/\/kalecrane.com\/wp-content\/uploads\/2024\/11\/11.jpg 1536w\" sizes=\"(max-width: 768px) 100vw, 768px\" \/><\/a><\/figure>\n\n\n\n<figure class=\"wp-block-image size-large\"><a href=\"https:\/\/kalecrane.com\/wp-content\/uploads\/2024\/11\/22.jpg\"><img loading=\"lazy\" decoding=\"async\" width=\"768\" height=\"1024\" data-id=\"412\" src=\"https:\/\/kalecrane.com\/wp-content\/uploads\/2024\/11\/22-768x1024.jpg\" alt=\"\" class=\"wp-image-412\" srcset=\"https:\/\/kalecrane.com\/wp-content\/uploads\/2024\/11\/22-768x1024.jpg 768w, https:\/\/kalecrane.com\/wp-content\/uploads\/2024\/11\/22-225x300.jpg 225w, https:\/\/kalecrane.com\/wp-content\/uploads\/2024\/11\/22-1152x1536.jpg 1152w, https:\/\/kalecrane.com\/wp-content\/uploads\/2024\/11\/22.jpg 1536w\" sizes=\"(max-width: 768px) 100vw, 768px\" \/><\/a><\/figure>\n\n\n\n<figure class=\"wp-block-image size-large\"><a href=\"https:\/\/kalecrane.com\/wp-content\/uploads\/2024\/11\/33.jpg\"><img loading=\"lazy\" decoding=\"async\" width=\"768\" height=\"1024\" data-id=\"413\" src=\"https:\/\/kalecrane.com\/wp-content\/uploads\/2024\/11\/33-768x1024.jpg\" alt=\"\" class=\"wp-image-413\" srcset=\"https:\/\/kalecrane.com\/wp-content\/uploads\/2024\/11\/33-768x1024.jpg 768w, https:\/\/kalecrane.com\/wp-content\/uploads\/2024\/11\/33-225x300.jpg 225w, https:\/\/kalecrane.com\/wp-content\/uploads\/2024\/11\/33-1152x1536.jpg 1152w, https:\/\/kalecrane.com\/wp-content\/uploads\/2024\/11\/33.jpg 1536w\" sizes=\"(max-width: 768px) 100vw, 768px\" \/><\/a><\/figure>\n\n\n\n<figure class=\"wp-block-image size-large\"><a href=\"https:\/\/kalecrane.com\/wp-content\/uploads\/2024\/11\/44.jpg\"><img loading=\"lazy\" decoding=\"async\" width=\"1024\" height=\"768\" data-id=\"414\" src=\"https:\/\/kalecrane.com\/wp-content\/uploads\/2024\/11\/44-1024x768.jpg\" alt=\"\" class=\"wp-image-414\" srcset=\"https:\/\/kalecrane.com\/wp-content\/uploads\/2024\/11\/44-1024x768.jpg 1024w, https:\/\/kalecrane.com\/wp-content\/uploads\/2024\/11\/44-300x225.jpg 300w, https:\/\/kalecrane.com\/wp-content\/uploads\/2024\/11\/44-768x576.jpg 768w, https:\/\/kalecrane.com\/wp-content\/uploads\/2024\/11\/44-1536x1152.jpg 1536w, https:\/\/kalecrane.com\/wp-content\/uploads\/2024\/11\/44.jpg 2048w\" sizes=\"(max-width: 1024px) 100vw, 1024px\" \/><\/a><\/figure>\n\n\n\n<figure class=\"wp-block-image size-large\"><a href=\"https:\/\/kalecrane.com\/wp-content\/uploads\/2024\/08\/WhatsApp-Gorsel-2024-08-01-saat-18.47.35_6b21711d.jpg\"><img loading=\"lazy\" decoding=\"async\" width=\"576\" height=\"1024\" data-id=\"406\" src=\"https:\/\/kalecrane.com\/wp-content\/uploads\/2024\/08\/WhatsApp-Gorsel-2024-08-01-saat-18.47.35_6b21711d-576x1024.jpg\" alt=\"\" class=\"wp-image-406\" srcset=\"https:\/\/kalecrane.com\/wp-content\/uploads\/2024\/08\/WhatsApp-Gorsel-2024-08-01-saat-18.47.35_6b21711d-576x1024.jpg 576w, https:\/\/kalecrane.com\/wp-content\/uploads\/2024\/08\/WhatsApp-Gorsel-2024-08-01-saat-18.47.35_6b21711d-169x300.jpg 169w, https:\/\/kalecrane.com\/wp-content\/uploads\/2024\/08\/WhatsApp-Gorsel-2024-08-01-saat-18.47.35_6b21711d-768x1365.jpg 768w, https:\/\/kalecrane.com\/wp-content\/uploads\/2024\/08\/WhatsApp-Gorsel-2024-08-01-saat-18.47.35_6b21711d-864x1536.jpg 864w, https:\/\/kalecrane.com\/wp-content\/uploads\/2024\/08\/WhatsApp-Gorsel-2024-08-01-saat-18.47.35_6b21711d.jpg 1152w\" sizes=\"(max-width: 576px) 100vw, 576px\" \/><\/a><\/figure>\n\n\n\n<figure class=\"wp-block-image size-large\"><a href=\"https:\/\/kalecrane.com\/wp-content\/uploads\/2024\/11\/11-1.jpg\"><img loading=\"lazy\" decoding=\"async\" width=\"768\" height=\"1024\" data-id=\"416\" src=\"https:\/\/kalecrane.com\/wp-content\/uploads\/2024\/11\/11-1-768x1024.jpg\" alt=\"\" class=\"wp-image-416\" srcset=\"https:\/\/kalecrane.com\/wp-content\/uploads\/2024\/11\/11-1-768x1024.jpg 768w, https:\/\/kalecrane.com\/wp-content\/uploads\/2024\/11\/11-1-225x300.jpg 225w, https:\/\/kalecrane.com\/wp-content\/uploads\/2024\/11\/11-1-1152x1536.jpg 1152w, https:\/\/kalecrane.com\/wp-content\/uploads\/2024\/11\/11-1.jpg 1200w\" sizes=\"(max-width: 768px) 100vw, 768px\" \/><\/a><\/figure>\n\n\n\n<figure class=\"wp-block-image size-large\"><a href=\"https:\/\/kalecrane.com\/wp-content\/uploads\/2024\/11\/44-1-scaled.jpg\"><img loading=\"lazy\" decoding=\"async\" width=\"768\" height=\"1024\" data-id=\"417\" src=\"https:\/\/kalecrane.com\/wp-content\/uploads\/2024\/11\/44-1-768x1024.jpg\" alt=\"\" class=\"wp-image-417\" srcset=\"https:\/\/kalecrane.com\/wp-content\/uploads\/2024\/11\/44-1-768x1024.jpg 768w, https:\/\/kalecrane.com\/wp-content\/uploads\/2024\/11\/44-1-225x300.jpg 225w, https:\/\/kalecrane.com\/wp-content\/uploads\/2024\/11\/44-1-1152x1536.jpg 1152w, https:\/\/kalecrane.com\/wp-content\/uploads\/2024\/11\/44-1-1536x2048.jpg 1536w, https:\/\/kalecrane.com\/wp-content\/uploads\/2024\/11\/44-1-scaled.jpg 1920w\" sizes=\"(max-width: 768px) 100vw, 768px\" \/><\/a><\/figure>\n\n\n\n<figure class=\"wp-block-image size-large\"><a href=\"https:\/\/kalecrane.com\/wp-content\/uploads\/2024\/11\/55-scaled.jpg\"><img loading=\"lazy\" decoding=\"async\" width=\"768\" height=\"1024\" data-id=\"419\" src=\"https:\/\/kalecrane.com\/wp-content\/uploads\/2024\/11\/55-768x1024.jpg\" alt=\"\" class=\"wp-image-419\" srcset=\"https:\/\/kalecrane.com\/wp-content\/uploads\/2024\/11\/55-768x1024.jpg 768w, https:\/\/kalecrane.com\/wp-content\/uploads\/2024\/11\/55-225x300.jpg 225w, https:\/\/kalecrane.com\/wp-content\/uploads\/2024\/11\/55-1152x1536.jpg 1152w, https:\/\/kalecrane.com\/wp-content\/uploads\/2024\/11\/55-1536x2048.jpg 1536w, https:\/\/kalecrane.com\/wp-content\/uploads\/2024\/11\/55-scaled.jpg 1920w\" sizes=\"(max-width: 768px) 100vw, 768px\" \/><\/a><\/figure>\n<\/figure>\n","protected":false},"excerpt":{"rendered":"<p>Her ko\u015fulda ve ortamda g\u00f6rev yapan vin\u00e7lerimizden bir ka\u00e7 g\u00f6r\u00fcnt\u00fc.<\/p>\n","protected":false},"author":1,"featured_media":0,"parent":0,"menu_order":0,"comment_status":"closed","ping_status":"closed","template":"","meta":{"footnotes":""},"aioseo_notices":[],"_links":{"self":[{"href":"https:\/\/kalecrane.com\/index.php?rest_route=\/wp\/v2\/pages\/68"}],"collection":[{"href":"https:\/\/kalecrane.com\/index.php?rest_route=\/wp\/v2\/pages"}],"about":[{"href":"https:\/\/kalecrane.com\/index.php?rest_route=\/wp\/v2\/types\/page"}],"author":[{"embeddable":true,"href":"https:\/\/kalecrane.com\/index.php?rest_route=\/wp\/v2\/users\/1"}],"replies":[{"embeddable":true,"href":"https:\/\/kalecrane.com\/index.php?rest_route=%2Fwp%2Fv2%2Fcomments&post=68"}],"version-history":[{"count":7,"href":"https:\/\/kalecrane.com\/index.php?rest_route=\/wp\/v2\/pages\/68\/revisions"}],"predecessor-version":[{"id":420,"href":"https:\/\/kalecrane.com\/index.php?rest_route=\/wp\/v2\/pages\/68\/revisions\/420"}],"wp:attachment":[{"href":"https:\/\/kalecrane.com\/index.php?rest_route=%2Fwp%2Fv2%2Fmedia&parent=68"}],"curies":[{"name":"wp","href":"https:\/\/api.w.org\/{rel}","templated":true}]}}